{"id":2870,"date":"2023-01-05T12:01:16","date_gmt":"2023-01-05T12:01:16","guid":{"rendered":"https:\/\/visitasbodegasfillaboa.jig.es\/fillaboa-1898\/"},"modified":"2023-08-18T07:59:29","modified_gmt":"2023-08-18T07:59:29","slug":"fillaboa-1898","status":"publish","type":"page","link":"https:\/\/visitasbodegasfillaboa.jig.es\/en\/fillaboa-1898\/","title":{"rendered":"Fillaboa 1898"},"content":{"rendered":"<p>[et_pb_section fb_built=&#8221;1&#8243; custom_padding_last_edited=&#8221;off|desktop&#8221; disabled_on=&#8221;off|off|off&#8221; _builder_version=&#8221;4.17.6&#8243; background_color=&#8221;rgba(0,0,0,0.5)&#8221; background_image=&#8221;https:\/\/visitasbodegasfillaboa.jig.es\/wp-content\/uploads\/2018\/08\/fondo3_2.jpg&#8221; background_position=&#8221;center_right&#8221; background_blend=&#8221;multiply&#8221; custom_margin=&#8221;||||false|false&#8221; custom_padding=&#8221;70px||||false|false&#8221; custom_padding_tablet=&#8221;10vh||||false|false&#8221; locked=&#8221;off&#8221; global_colors_info=&#8221;{}&#8221;][et_pb_row module_id=&#8221;v1&#8243; module_class=&#8221; et_pb_row_fullwidth&#8221; _builder_version=&#8221;4.17.6&#8243; width_tablet=&#8221;80%&#8221; width_last_edited=&#8221;off|desktop&#8221; max_width_tablet=&#8221;80%&#8221; max_width_last_edited=&#8221;off|desktop&#8221; custom_margin=&#8221;|||&#8221; custom_padding=&#8221;|||&#8221; make_fullwidth=&#8221;on&#8221; global_colors_info=&#8221;{}&#8221;][et_pb_column type=&#8221;4_4&#8243; _builder_version=&#8221;4.16&#8243; custom_padding=&#8221;|||&#8221; animation_style=&#8221;slide&#8221; animation_direction=&#8221;left&#8221; global_colors_info=&#8221;{}&#8221; custom_padding__hover=&#8221;|||&#8221;][et_pb_text _builder_version=&#8221;4.17.6&#8243; _module_preset=&#8221;default&#8221; header_text_align=&#8221;center&#8221; header_text_color=&#8221;#ffffff&#8221; header_font_size=&#8221;50px&#8221; header_line_height=&#8221;1.3em&#8221; header_2_font=&#8221;||on||||||&#8221; header_2_text_align=&#8221;center&#8221; header_2_text_color=&#8221;#FFFFFF&#8221; hover_enabled=&#8221;0&#8243; header_font_size_tablet=&#8221;40px&#8221; header_font_size_phone=&#8221;30px&#8221; header_font_size_last_edited=&#8221;on|phone&#8221; global_colors_info=&#8221;{}&#8221; sticky_enabled=&#8221;0&#8243;]<\/p>\n<h1>La Fillaboa 1898<\/h1>\n<h2>DO R\u00edas Baixas, 100% albari\u00f1o<\/h2>\n<p>[\/et_pb_text][\/et_pb_column][\/et_pb_row][\/et_pb_section][et_pb_section fb_built=&#8221;1&#8243; _builder_version=&#8221;4.17.6&#8243; _module_preset=&#8221;default&#8221; custom_margin=&#8221;||||false|false&#8221; global_colors_info=&#8221;{}&#8221;][et_pb_row column_structure=&#8221;1_2,1_2&#8243; use_custom_gutter=&#8221;on&#8221; make_equal=&#8221;on&#8221; _builder_version=&#8221;4.17.6&#8243; _module_preset=&#8221;default&#8221; width=&#8221;85%&#8221; max_width=&#8221;1890px&#8221; custom_padding=&#8221;||||false|false&#8221; animation_direction=&#8221;left&#8221; global_colors_info=&#8221;{}&#8221;][et_pb_column type=&#8221;1_2&#8243; _builder_version=&#8221;4.17.6&#8243; _module_preset=&#8221;default&#8221; custom_padding=&#8221;20px||||false|false&#8221; custom_padding_tablet=&#8221;20px||||false|false&#8221; custom_padding_phone=&#8221;20px||||false|false&#8221; custom_padding_last_edited=&#8221;on|desktop&#8221; animation_style=&#8221;slide&#8221; animation_direction=&#8221;left&#8221; global_colors_info=&#8221;{}&#8221;][et_pb_text _builder_version=&#8221;4.17.6&#8243; _module_preset=&#8221;default&#8221; text_font_size=&#8221;16px&#8221; text_line_height=&#8221;1.6em&#8221; header_3_font=&#8221;||on||||||&#8221; header_3_font_size=&#8221;25px&#8221; header_3_line_height=&#8221;1.5em&#8221; custom_margin=&#8221;||20px||false|false&#8221; global_colors_info=&#8221;{}&#8221;]<\/p>\n<h3>We have achieved a true tribute to 1898, the year in which Albari\u00f1o wines from this place crossed the ocean on a sailboat heading to Cuba.<\/h3>\n<p>[\/et_pb_text][et_pb_text _builder_version=&#8221;4.17.6&#8243; _module_preset=&#8221;default&#8221; text_font_size=&#8221;16px&#8221; text_line_height=&#8221;1.6em&#8221; header_3_font=&#8221;||on||||||&#8221; header_3_font_size=&#8221;25px&#8221; header_3_line_height=&#8221;1.5em&#8221; global_colors_info=&#8221;{}&#8221;]The jewel of the crown at Fillaboa boasts the freshness of a young albari\u00f1o wine and the complexity and elegance of a fine white wine. La Fillaboa 1898 fills us with pride and sends shivers down our spine by simply remembering the last sip we took of this wine. This is no wonder seeing as this wine is made exclusively with the best wines from the eight plots on the Fillaboa estate, a terroir with a sandy and rocky texture, due to its proximity to the Mi\u00f1o River, awarding it good drainage, perfect for keeping our vines in optimum condition 365 days a year.<\/p>\n<p>One day we awoke with the idea to see how our albari\u00f1o wine would behave over time. And so, we made the decision with the 2010 vintage, one of the most balanced and best vintages in the history of Fillaboa, to leave this albari\u00f1o wine on fine lees for a minimum of 6 years aging. The result was amazing, leaving us in awe.<\/p>\n<p>This white wine stuns at first sight: it is a clean and bright straw-yellow colour with golden glints and a unique and delicate tone. When we stop to contemplate its aromas, we discover a toasty aroma with a candied fruity background, reminiscent of baked apples and bakery products. La Fillaboa 1898 is a smooth wine, with very well integrated acidity, volume and long persistence. It is ideal to pair with fish dishes, poultry, Japanese and Oriental food.<\/p>\n<p>This DO R\u00edas Baixas wine has won several prizes, to mention a few; Best White Wine in Spain 2020 from the Spanish Association of Wine Journalists and Writers (AEPEV). La Fillaboa 1898 has also achieved high points in competitions such as Decanter 2019, Best in Show with 97 points, also 97 points in Gu\u00eda Pe\u00f1\u00edn 2020, 96 points in the Gu\u00eda Gourmets 2021 and 95 points in the Special Report on R\u00edas Baixas 2022 by Tim Atkin.<br \/>\nWith La Fillaboa 1898 (DO R\u00edas Baixas, 100% albari\u00f1o) we have achieved to pay a true tribute to 1898, the year when our albari\u00f1o wines first crossed the ocean on a sailing ship heading for Cuba.[\/et_pb_text][et_pb_button button_url=&#8221;\/wp-content\/uploads\/2023\/08\/La-Fillaboa-1898_Eng_Sin-anada.pdf&#8221; url_new_window=&#8221;on&#8221; button_text=&#8221;Download sheet&#8221; button_alignment=&#8221;left&#8221; _builder_version=&#8221;4.17.6&#8243; _module_preset=&#8221;default&#8221; custom_button=&#8221;on&#8221; button_text_size=&#8221;16px&#8221; button_border_width=&#8221;2px&#8221; button_font=&#8221;|600|||||||&#8221; button_use_icon=&#8221;off&#8221; custom_margin=&#8221;||20px||false|false&#8221; custom_padding=&#8221;10px|25px|10px|25px|true|true&#8221; locked=&#8221;off&#8221; global_colors_info=&#8221;{}&#8221; button_bg_color__hover_enabled=&#8221;on|hover&#8221; button_bg_color__hover=&#8221;#d69200&#8243; button_bg_enable_color__hover=&#8221;on&#8221; button_text_color__hover_enabled=&#8221;on|hover&#8221; button_text_color__hover=&#8221;#FFFFFF&#8221;][\/et_pb_button][et_pb_button button_url=&#8221;https:\/\/tienda.masaveubodegas.com\/vinos-blancos\/280-la-fillaboa-1898-2016.html&#8221; url_new_window=&#8221;on&#8221; button_text=&#8221;Buy&#8221; button_alignment=&#8221;left&#8221; _builder_version=&#8221;4.17.6&#8243; _module_preset=&#8221;default&#8221; custom_button=&#8221;on&#8221; button_text_size=&#8221;16px&#8221; button_border_width=&#8221;2px&#8221; button_font=&#8221;|600|||||||&#8221; button_use_icon=&#8221;off&#8221; custom_margin=&#8221;||20px||false|false&#8221; custom_padding=&#8221;10px|25px|10px|25px|true|true&#8221; locked=&#8221;off&#8221; global_colors_info=&#8221;{}&#8221; button_text_color__hover=&#8221;#FFFFFF&#8221; button_text_color__hover_enabled=&#8221;on|hover&#8221; button_bg_color__hover=&#8221;#d69200&#8243; button_bg_color__hover_enabled=&#8221;on|hover&#8221;][\/et_pb_button][\/et_pb_column][et_pb_column type=&#8221;1_2&#8243; _builder_version=&#8221;4.17.6&#8243; _module_preset=&#8221;default&#8221; background_enable_image=&#8221;off&#8221; animation_style=&#8221;slide&#8221; animation_direction=&#8221;right&#8221; global_colors_info=&#8221;{}&#8221;][et_pb_image src=&#8221;https:\/\/visitasbodegasfillaboa.jig.es\/wp-content\/uploads\/2018\/08\/H7A8768-copia1.jpg&#8221; alt=&#8221;Fillaboa Joven &#8211; Wine D.O. R\u00edas Baixas &#8211; White wine 100% Albari\u00f1o&#8221; title_text=&#8221;_H7A8768-copia1&#8243; align_tablet=&#8221;center&#8221; align_phone=&#8221;&#8221; align_last_edited=&#8221;on|desktop&#8221; _builder_version=&#8221;4.17.6&#8243; box_shadow_style=&#8221;preset3&#8243; global_colors_info=&#8221;{}&#8221;][\/et_pb_image][\/et_pb_column][\/et_pb_row][\/et_pb_section]<\/p>\n","protected":false},"excerpt":{"rendered":"<p>La Fillaboa 1898 DO R\u00edas Baixas, 100% albari\u00f1oWe have achieved a true tribute to 1898, the year in which Albari\u00f1o wines from this place crossed the ocean on a sailboat heading to Cuba.The jewel of the crown at Fillaboa boasts the freshness of a young albari\u00f1o wine and the complexity and elegance of a fine [&hellip;]<\/p>\n","protected":false},"author":4,"featured_media":0,"parent":0,"menu_order":0,"comment_status":"closed","ping_status":"closed","template":"","meta":{"_et_pb_use_builder":"on","_et_pb_old_content":"","_et_gb_content_width":"","footnotes":""},"class_list":["post-2870","page","type-page","status-publish","hentry"],"yoast_head":"<!-- This site is optimized with the Yoast SEO plugin v23.3 - https:\/\/yoast.com\/wordpress\/plugins\/seo\/ -->\n<title>Fillaboa 1898 - Bodegas Fillaboa<\/title>\n<meta name=\"robots\" content=\"index, follow, max-snippet:-1, max-image-preview:large, max-video-preview:-1\" \/>\n<link rel=\"canonical\" href=\"https:\/\/visitasbodegasfillaboa.jig.es\/fillaboa-1898\/?lang=en\" \/>\n<meta name=\"twitter:card\" content=\"summary_large_image\" \/>\n<meta name=\"twitter:title\" content=\"Fillaboa 1898 - Bodegas Fillaboa\" \/>\n<meta name=\"twitter:description\" content=\"La Fillaboa 1898 DO R\u00edas Baixas, 100% albari\u00f1oWe have achieved a true tribute to 1898, the year in which Albari\u00f1o wines from this place crossed the ocean on a sailboat heading to Cuba.The jewel of the crown at Fillaboa boasts the freshness of a young albari\u00f1o wine and the complexity and elegance of a fine [&hellip;]\" \/>\n<meta name=\"twitter:site\" content=\"@masaveubodegas\" \/>\n<meta name=\"twitter:label1\" content=\"Est. reading time\" \/>\n\t<meta name=\"twitter:data1\" content=\"5 minutes\" \/>\n<script type=\"application\/ld+json\" class=\"yoast-schema-graph\">{\"@context\":\"https:\/\/schema.org\",\"@graph\":[{\"@type\":\"WebPage\",\"@id\":\"https:\/\/visitasbodegasfillaboa.jig.es\/fillaboa-1898\/?lang=en\",\"url\":\"https:\/\/visitasbodegasfillaboa.jig.es\/fillaboa-1898\/?lang=en\",\"name\":\"Fillaboa 1898 - Bodegas Fillaboa\",\"isPartOf\":{\"@id\":\"https:\/\/visitasbodegasfillaboa.jig.es\/#website\"},\"datePublished\":\"2023-01-05T12:01:16+00:00\",\"dateModified\":\"2023-08-18T07:59:29+00:00\",\"breadcrumb\":{\"@id\":\"https:\/\/visitasbodegasfillaboa.jig.es\/fillaboa-1898\/?lang=en#breadcrumb\"},\"inLanguage\":\"en-US\",\"potentialAction\":[{\"@type\":\"ReadAction\",\"target\":[\"https:\/\/visitasbodegasfillaboa.jig.es\/fillaboa-1898\/?lang=en\"]}]},{\"@type\":\"BreadcrumbList\",\"@id\":\"https:\/\/visitasbodegasfillaboa.jig.es\/fillaboa-1898\/?lang=en#breadcrumb\",\"itemListElement\":[{\"@type\":\"ListItem\",\"position\":1,\"name\":\"Portada\",\"item\":\"https:\/\/visitasbodegasfillaboa.jig.es\/?lang=en\"},{\"@type\":\"ListItem\",\"position\":2,\"name\":\"Fillaboa 1898\"}]},{\"@type\":\"WebSite\",\"@id\":\"https:\/\/visitasbodegasfillaboa.jig.es\/#website\",\"url\":\"https:\/\/visitasbodegasfillaboa.jig.es\/\",\"name\":\"Bodegas Fillaboa\",\"description\":\"Fillaboa\",\"publisher\":{\"@id\":\"https:\/\/visitasbodegasfillaboa.jig.es\/#organization\"},\"potentialAction\":[{\"@type\":\"SearchAction\",\"target\":{\"@type\":\"EntryPoint\",\"urlTemplate\":\"https:\/\/visitasbodegasfillaboa.jig.es\/?s={search_term_string}\"},\"query-input\":\"required name=search_term_string\"}],\"inLanguage\":\"en-US\"},{\"@type\":\"Organization\",\"@id\":\"https:\/\/visitasbodegasfillaboa.jig.es\/#organization\",\"name\":\"Bodegas Fillaboa\",\"url\":\"https:\/\/visitasbodegasfillaboa.jig.es\/\",\"logo\":{\"@type\":\"ImageObject\",\"inLanguage\":\"en-US\",\"@id\":\"https:\/\/visitasbodegasfillaboa.jig.es\/#\/schema\/logo\/image\/\",\"url\":\"https:\/\/visitasbodegasfillaboa.jig.es\/wp-content\/uploads\/2018\/03\/fillaboa_logo.png\",\"contentUrl\":\"https:\/\/visitasbodegasfillaboa.jig.es\/wp-content\/uploads\/2018\/03\/fillaboa_logo.png\",\"width\":647,\"height\":262,\"caption\":\"Bodegas Fillaboa\"},\"image\":{\"@id\":\"https:\/\/visitasbodegasfillaboa.jig.es\/#\/schema\/logo\/image\/\"},\"sameAs\":[\"https:\/\/www.facebook.com\/masaveubodegas\/\",\"https:\/\/x.com\/masaveubodegas\",\"https:\/\/www.instagram.com\/masaveubodegas\/?hl=es\"]}]}<\/script>\n<!-- \/ Yoast SEO plugin. -->","yoast_head_json":{"title":"Fillaboa 1898 - Bodegas Fillaboa","robots":{"index":"index","follow":"follow","max-snippet":"max-snippet:-1","max-image-preview":"max-image-preview:large","max-video-preview":"max-video-preview:-1"},"canonical":"https:\/\/visitasbodegasfillaboa.jig.es\/fillaboa-1898\/?lang=en","twitter_card":"summary_large_image","twitter_title":"Fillaboa 1898 - Bodegas Fillaboa","twitter_description":"La Fillaboa 1898 DO R\u00edas Baixas, 100% albari\u00f1oWe have achieved a true tribute to 1898, the year in which Albari\u00f1o wines from this place crossed the ocean on a sailboat heading to Cuba.The jewel of the crown at Fillaboa boasts the freshness of a young albari\u00f1o wine and the complexity and elegance of a fine [&hellip;]","twitter_site":"@masaveubodegas","twitter_misc":{"Est. reading time":"5 minutes"},"schema":{"@context":"https:\/\/schema.org","@graph":[{"@type":"WebPage","@id":"https:\/\/visitasbodegasfillaboa.jig.es\/fillaboa-1898\/?lang=en","url":"https:\/\/visitasbodegasfillaboa.jig.es\/fillaboa-1898\/?lang=en","name":"Fillaboa 1898 - Bodegas Fillaboa","isPartOf":{"@id":"https:\/\/visitasbodegasfillaboa.jig.es\/#website"},"datePublished":"2023-01-05T12:01:16+00:00","dateModified":"2023-08-18T07:59:29+00:00","breadcrumb":{"@id":"https:\/\/visitasbodegasfillaboa.jig.es\/fillaboa-1898\/?lang=en#breadcrumb"},"inLanguage":"en-US","potentialAction":[{"@type":"ReadAction","target":["https:\/\/visitasbodegasfillaboa.jig.es\/fillaboa-1898\/?lang=en"]}]},{"@type":"BreadcrumbList","@id":"https:\/\/visitasbodegasfillaboa.jig.es\/fillaboa-1898\/?lang=en#breadcrumb","itemListElement":[{"@type":"ListItem","position":1,"name":"Portada","item":"https:\/\/visitasbodegasfillaboa.jig.es\/?lang=en"},{"@type":"ListItem","position":2,"name":"Fillaboa 1898"}]},{"@type":"WebSite","@id":"https:\/\/visitasbodegasfillaboa.jig.es\/#website","url":"https:\/\/visitasbodegasfillaboa.jig.es\/","name":"Bodegas Fillaboa","description":"Fillaboa","publisher":{"@id":"https:\/\/visitasbodegasfillaboa.jig.es\/#organization"},"potentialAction":[{"@type":"SearchAction","target":{"@type":"EntryPoint","urlTemplate":"https:\/\/visitasbodegasfillaboa.jig.es\/?s={search_term_string}"},"query-input":"required name=search_term_string"}],"inLanguage":"en-US"},{"@type":"Organization","@id":"https:\/\/visitasbodegasfillaboa.jig.es\/#organization","name":"Bodegas Fillaboa","url":"https:\/\/visitasbodegasfillaboa.jig.es\/","logo":{"@type":"ImageObject","inLanguage":"en-US","@id":"https:\/\/visitasbodegasfillaboa.jig.es\/#\/schema\/logo\/image\/","url":"https:\/\/visitasbodegasfillaboa.jig.es\/wp-content\/uploads\/2018\/03\/fillaboa_logo.png","contentUrl":"https:\/\/visitasbodegasfillaboa.jig.es\/wp-content\/uploads\/2018\/03\/fillaboa_logo.png","width":647,"height":262,"caption":"Bodegas Fillaboa"},"image":{"@id":"https:\/\/visitasbodegasfillaboa.jig.es\/#\/schema\/logo\/image\/"},"sameAs":["https:\/\/www.facebook.com\/masaveubodegas\/","https:\/\/x.com\/masaveubodegas","https:\/\/www.instagram.com\/masaveubodegas\/?hl=es"]}]}},"_links":{"self":[{"href":"https:\/\/visitasbodegasfillaboa.jig.es\/en\/wp-json\/wp\/v2\/pages\/2870"}],"collection":[{"href":"https:\/\/visitasbodegasfillaboa.jig.es\/en\/wp-json\/wp\/v2\/pages"}],"about":[{"href":"https:\/\/visitasbodegasfillaboa.jig.es\/en\/wp-json\/wp\/v2\/types\/page"}],"author":[{"embeddable":true,"href":"https:\/\/visitasbodegasfillaboa.jig.es\/en\/wp-json\/wp\/v2\/users\/4"}],"replies":[{"embeddable":true,"href":"https:\/\/visitasbodegasfillaboa.jig.es\/en\/wp-json\/wp\/v2\/comments?post=2870"}],"version-history":[{"count":8,"href":"https:\/\/visitasbodegasfillaboa.jig.es\/en\/wp-json\/wp\/v2\/pages\/2870\/revisions"}],"predecessor-version":[{"id":3320,"href":"https:\/\/visitasbodegasfillaboa.jig.es\/en\/wp-json\/wp\/v2\/pages\/2870\/revisions\/3320"}],"wp:attachment":[{"href":"https:\/\/visitasbodegasfillaboa.jig.es\/en\/wp-json\/wp\/v2\/media?parent=2870"}],"curies":[{"name":"wp","href":"https:\/\/api.w.org\/{rel}","templated":true}]}}