{"id":2867,"date":"2023-01-05T11:53:24","date_gmt":"2023-01-05T11:53:24","guid":{"rendered":"https:\/\/visitasbodegasfillaboa.jig.es\/fillaboa\/"},"modified":"2024-02-01T12:53:40","modified_gmt":"2024-02-01T12:53:40","slug":"fillaboa","status":"publish","type":"page","link":"https:\/\/visitasbodegasfillaboa.jig.es\/en\/fillaboa\/","title":{"rendered":"Fillaboa"},"content":{"rendered":"<p>[et_pb_section fb_built=&#8221;1&#8243; custom_padding_last_edited=&#8221;off|desktop&#8221; disabled_on=&#8221;off|off|off&#8221; _builder_version=&#8221;4.17.6&#8243; background_color=&#8221;rgba(0,0,0,0.35)&#8221; background_image=&#8221;https:\/\/visitasbodegasfillaboa.jig.es\/wp-content\/uploads\/2020\/09\/limon-fondo.jpg&#8221; background_blend=&#8221;multiply&#8221; custom_margin=&#8221;||||false|false&#8221; custom_padding=&#8221;70px||||false|false&#8221; custom_padding_tablet=&#8221;10vh||||false|false&#8221; locked=&#8221;off&#8221; global_colors_info=&#8221;{}&#8221;][et_pb_row module_id=&#8221;v1&#8243; module_class=&#8221; et_pb_row_fullwidth&#8221; _builder_version=&#8221;4.17.6&#8243; width_tablet=&#8221;80%&#8221; width_last_edited=&#8221;off|desktop&#8221; max_width_tablet=&#8221;80%&#8221; max_width_last_edited=&#8221;off|desktop&#8221; custom_margin=&#8221;|||&#8221; custom_padding=&#8221;|||&#8221; make_fullwidth=&#8221;on&#8221; global_colors_info=&#8221;{}&#8221;][et_pb_column type=&#8221;4_4&#8243; _builder_version=&#8221;4.16&#8243; custom_padding=&#8221;|||&#8221; animation_style=&#8221;slide&#8221; animation_direction=&#8221;left&#8221; global_colors_info=&#8221;{}&#8221; custom_padding__hover=&#8221;|||&#8221;][et_pb_text _builder_version=&#8221;4.17.6&#8243; _module_preset=&#8221;default&#8221; header_text_align=&#8221;center&#8221; header_text_color=&#8221;#ffffff&#8221; header_font_size=&#8221;50px&#8221; header_line_height=&#8221;1.3em&#8221; header_2_font=&#8221;||on||||||&#8221; header_2_text_align=&#8221;center&#8221; header_2_text_color=&#8221;#FFFFFF&#8221; header_font_size_tablet=&#8221;40px&#8221; header_font_size_phone=&#8221;30px&#8221; header_font_size_last_edited=&#8221;on|phone&#8221; global_colors_info=&#8221;{}&#8221;]<\/p>\n<h1>Fillaboa<\/h1>\n<h2>DO R\u00edas Baixas, 100% albari\u00f1o<\/h2>\n<p>[\/et_pb_text][\/et_pb_column][\/et_pb_row][\/et_pb_section][et_pb_section fb_built=&#8221;1&#8243; _builder_version=&#8221;4.17.6&#8243; _module_preset=&#8221;default&#8221; custom_margin=&#8221;||||false|false&#8221; global_colors_info=&#8221;{}&#8221;][et_pb_row column_structure=&#8221;1_2,1_2&#8243; use_custom_gutter=&#8221;on&#8221; make_equal=&#8221;on&#8221; _builder_version=&#8221;4.17.6&#8243; _module_preset=&#8221;default&#8221; width=&#8221;85%&#8221; max_width=&#8221;1890px&#8221; custom_padding=&#8221;||||false|false&#8221; global_colors_info=&#8221;{}&#8221;][et_pb_column type=&#8221;1_2&#8243; _builder_version=&#8221;4.17.6&#8243; _module_preset=&#8221;default&#8221; custom_padding=&#8221;20px||||false|false&#8221; custom_padding_tablet=&#8221;20px||||false|false&#8221; custom_padding_phone=&#8221;20px||||false|false&#8221; custom_padding_last_edited=&#8221;on|desktop&#8221; animation_style=&#8221;slide&#8221; animation_direction=&#8221;left&#8221; global_colors_info=&#8221;{}&#8221;][et_pb_text _builder_version=&#8221;4.17.6&#8243; _module_preset=&#8221;default&#8221; text_font_size=&#8221;16px&#8221; text_line_height=&#8221;1.6em&#8221; header_3_font=&#8221;||on||||||&#8221; header_3_font_size=&#8221;25px&#8221; header_3_line_height=&#8221;1.5em&#8221; custom_margin=&#8221;||20px||false|false&#8221; locked=&#8221;off&#8221; global_colors_info=&#8221;{}&#8221;]<\/p>\n<h3>Close your eyes, feel the aroma, take a sip of Fillaboa and enjoy all of the flavour and magic of R\u00edas Baixas.<\/h3>\n<p>[\/et_pb_text][et_pb_text _builder_version=&#8221;4.17.6&#8243; _module_preset=&#8221;default&#8221; text_font_size=&#8221;16px&#8221; text_line_height=&#8221;1.6em&#8221; global_colors_info=&#8221;{}&#8221;]<\/p>\n<p>This 100% albari\u00f1o wine originates on the slopes of the historical estate of Fillaboa, in the Designation of Origin of R\u00edas Baixas in Galicia. Year after year, its 50 hectares of vineyards are caressed by mild breezes, with a constant light humidity typical to the Atlantic climate that, together with the good quality of the soil, its \u201cterroir\u201d, make Fillaboa the best environment to grow the Albari\u00f1o varietal, awarding its wines great personality.<\/p>\n<p>We make our wines with the painstaking care so typical to this Galician region, potentiating the primary aromas of the Albari\u00f1o grape and leaving it to rest on it own fine lees in stainless steel tanks.<\/p>\n<p>The result couldn\u2019t be more surprising, <strong>a harmonious white wine, with good structure and an impressive clean and bright straw-yellow colour<\/strong>. When we take our time to slowly enjoy this wine, we discover ripe fruit aromas, notes of pineapple and apple, also reminiscent of mango and citrus fruits. The final sensation when enjoying this albari\u00f1o from DO R\u00edas Baixas, is a delicate and creamy white wine with a very well-integrated and balanced acidity. This fresh, white albari\u00f1o wine is fruity and round on the palate. A true delight for the senses!<\/p>\n<p>Our Fillaboa wine (DO R\u00edas Baixas, 100% albari\u00f1o) pairs perfectly with both white and oily fish, shell fish, smoked fish, sushi and foie.<\/p>\n<p>Fillaboa is an award-winning wine.<br \/>\nWith over 40 prizes, Fillaboa (DO R\u00edas Baixas, 100% albari\u00f1o) has become one of our most awarded wines, winner of important prizes such as the Gold Medal in the Wines, Spirits and Wineries of Galicia Guide 2022 (vintage 2020). It also obtained high ratings in Gu\u00eda Gourmets 2023 and Gilbert &#038; Gaillard 2022, for the 2021 vintage and also in the Gu\u00eda Proensa 2022.<\/p>\n<p>[\/et_pb_text][et_pb_button button_url=&#8221;\/wp-content\/uploads\/2023\/01\/Fillaboa-Eng_Sin-anada.pdf&#8221; url_new_window=&#8221;on&#8221; button_text=&#8221;Download sheet&#8221; button_alignment=&#8221;left&#8221; _builder_version=&#8221;4.17.6&#8243; _module_preset=&#8221;default&#8221; custom_button=&#8221;on&#8221; button_text_size=&#8221;16px&#8221; button_border_width=&#8221;2px&#8221; button_font=&#8221;|600|||||||&#8221; button_use_icon=&#8221;off&#8221; custom_margin=&#8221;||20px||false|false&#8221; custom_padding=&#8221;10px|25px|10px|25px|true|true&#8221; hover_enabled=&#8221;0&#8243; locked=&#8221;off&#8221; global_colors_info=&#8221;{}&#8221; button_bg_color__hover_enabled=&#8221;on|hover&#8221; button_bg_color__hover=&#8221;#d69200&#8243; button_bg_enable_color__hover=&#8221;on&#8221; button_text_color__hover_enabled=&#8221;on|hover&#8221; button_text_color__hover=&#8221;#FFFFFF&#8221; sticky_enabled=&#8221;0&#8243;][\/et_pb_button][et_pb_button button_url=&#8221;https:\/\/tienda.masaveubodegas.com\/vinos-blancos\/273-311-fillaboa-2020.html&#8221; url_new_window=&#8221;on&#8221; button_text=&#8221;Buy&#8221; button_alignment=&#8221;left&#8221; _builder_version=&#8221;4.17.6&#8243; _module_preset=&#8221;default&#8221; custom_button=&#8221;on&#8221; button_text_size=&#8221;16px&#8221; button_border_width=&#8221;2px&#8221; button_font=&#8221;|600|||||||&#8221; button_use_icon=&#8221;off&#8221; custom_margin=&#8221;||20px||false|false&#8221; custom_padding=&#8221;10px|25px|10px|25px|true|true&#8221; locked=&#8221;off&#8221; global_colors_info=&#8221;{}&#8221; button_text_color__hover=&#8221;#FFFFFF&#8221; button_text_color__hover_enabled=&#8221;on|hover&#8221; button_bg_color__hover=&#8221;#d69200&#8243; button_bg_color__hover_enabled=&#8221;on|hover&#8221;][\/et_pb_button][\/et_pb_column][et_pb_column type=&#8221;1_2&#8243; _builder_version=&#8221;4.17.6&#8243; _module_preset=&#8221;default&#8221; background_enable_image=&#8221;off&#8221; animation_style=&#8221;slide&#8221; animation_direction=&#8221;right&#8221; global_colors_info=&#8221;{}&#8221;][et_pb_image src=&#8221;https:\/\/visitasbodegasfillaboa.jig.es\/wp-content\/uploads\/2020\/09\/fillaboa-2020.jpg&#8221; alt=&#8221;Fillaboa Joven &#8211; Wine D.O. R\u00edas Baixas &#8211; White wine 100% Albari\u00f1o&#8221; title_text=&#8221;fillaboa-2020&#8243; align_tablet=&#8221;center&#8221; align_phone=&#8221;&#8221; align_last_edited=&#8221;on|desktop&#8221; _builder_version=&#8221;4.16&#8243; box_shadow_style=&#8221;preset3&#8243; global_colors_info=&#8221;{}&#8221;][\/et_pb_image][\/et_pb_column][\/et_pb_row][\/et_pb_section]<\/p>\n","protected":false},"excerpt":{"rendered":"<p>Fillaboa DO R\u00edas Baixas, 100% albari\u00f1oClose your eyes, feel the aroma, take a sip of Fillaboa and enjoy all of the flavour and magic of R\u00edas Baixas.This 100% albari\u00f1o wine originates on the slopes of the historical estate of Fillaboa, in the Designation of Origin of R\u00edas Baixas in Galicia. Year after year, its 50 [&hellip;]<\/p>\n","protected":false},"author":4,"featured_media":0,"parent":0,"menu_order":0,"comment_status":"closed","ping_status":"closed","template":"","meta":{"_et_pb_use_builder":"on","_et_pb_old_content":"","_et_gb_content_width":"","footnotes":""},"class_list":["post-2867","page","type-page","status-publish","hentry"],"yoast_head":"<!-- This site is optimized with the Yoast SEO plugin v23.3 - https:\/\/yoast.com\/wordpress\/plugins\/seo\/ -->\n<title>Fillaboa - Bodegas Fillaboa<\/title>\n<meta name=\"robots\" content=\"index, follow, max-snippet:-1, max-image-preview:large, max-video-preview:-1\" \/>\n<link rel=\"canonical\" href=\"https:\/\/visitasbodegasfillaboa.jig.es\/fillaboa\/?lang=en\" \/>\n<meta name=\"twitter:card\" content=\"summary_large_image\" \/>\n<meta name=\"twitter:title\" content=\"Fillaboa - Bodegas Fillaboa\" \/>\n<meta name=\"twitter:description\" content=\"Fillaboa DO R\u00edas Baixas, 100% albari\u00f1oClose your eyes, feel the aroma, take a sip of Fillaboa and enjoy all of the flavour and magic of R\u00edas Baixas.This 100% albari\u00f1o wine originates on the slopes of the historical estate of Fillaboa, in the Designation of Origin of R\u00edas Baixas in Galicia. Year after year, its 50 [&hellip;]\" \/>\n<meta name=\"twitter:site\" content=\"@masaveubodegas\" \/>\n<meta name=\"twitter:label1\" content=\"Est. reading time\" \/>\n\t<meta name=\"twitter:data1\" content=\"5 minutes\" \/>\n<script type=\"application\/ld+json\" class=\"yoast-schema-graph\">{\"@context\":\"https:\/\/schema.org\",\"@graph\":[{\"@type\":\"WebPage\",\"@id\":\"https:\/\/visitasbodegasfillaboa.jig.es\/fillaboa\/?lang=en\",\"url\":\"https:\/\/visitasbodegasfillaboa.jig.es\/fillaboa\/?lang=en\",\"name\":\"Fillaboa - Bodegas Fillaboa\",\"isPartOf\":{\"@id\":\"https:\/\/visitasbodegasfillaboa.jig.es\/#website\"},\"datePublished\":\"2023-01-05T11:53:24+00:00\",\"dateModified\":\"2024-02-01T12:53:40+00:00\",\"breadcrumb\":{\"@id\":\"https:\/\/visitasbodegasfillaboa.jig.es\/fillaboa\/?lang=en#breadcrumb\"},\"inLanguage\":\"en-US\",\"potentialAction\":[{\"@type\":\"ReadAction\",\"target\":[\"https:\/\/visitasbodegasfillaboa.jig.es\/fillaboa\/?lang=en\"]}]},{\"@type\":\"BreadcrumbList\",\"@id\":\"https:\/\/visitasbodegasfillaboa.jig.es\/fillaboa\/?lang=en#breadcrumb\",\"itemListElement\":[{\"@type\":\"ListItem\",\"position\":1,\"name\":\"Portada\",\"item\":\"https:\/\/visitasbodegasfillaboa.jig.es\/?lang=en\"},{\"@type\":\"ListItem\",\"position\":2,\"name\":\"Fillaboa\"}]},{\"@type\":\"WebSite\",\"@id\":\"https:\/\/visitasbodegasfillaboa.jig.es\/#website\",\"url\":\"https:\/\/visitasbodegasfillaboa.jig.es\/\",\"name\":\"Bodegas Fillaboa\",\"description\":\"Fillaboa\",\"publisher\":{\"@id\":\"https:\/\/visitasbodegasfillaboa.jig.es\/#organization\"},\"potentialAction\":[{\"@type\":\"SearchAction\",\"target\":{\"@type\":\"EntryPoint\",\"urlTemplate\":\"https:\/\/visitasbodegasfillaboa.jig.es\/?s={search_term_string}\"},\"query-input\":\"required name=search_term_string\"}],\"inLanguage\":\"en-US\"},{\"@type\":\"Organization\",\"@id\":\"https:\/\/visitasbodegasfillaboa.jig.es\/#organization\",\"name\":\"Bodegas Fillaboa\",\"url\":\"https:\/\/visitasbodegasfillaboa.jig.es\/\",\"logo\":{\"@type\":\"ImageObject\",\"inLanguage\":\"en-US\",\"@id\":\"https:\/\/visitasbodegasfillaboa.jig.es\/#\/schema\/logo\/image\/\",\"url\":\"https:\/\/visitasbodegasfillaboa.jig.es\/wp-content\/uploads\/2018\/03\/fillaboa_logo.png\",\"contentUrl\":\"https:\/\/visitasbodegasfillaboa.jig.es\/wp-content\/uploads\/2018\/03\/fillaboa_logo.png\",\"width\":647,\"height\":262,\"caption\":\"Bodegas Fillaboa\"},\"image\":{\"@id\":\"https:\/\/visitasbodegasfillaboa.jig.es\/#\/schema\/logo\/image\/\"},\"sameAs\":[\"https:\/\/www.facebook.com\/masaveubodegas\/\",\"https:\/\/x.com\/masaveubodegas\",\"https:\/\/www.instagram.com\/masaveubodegas\/?hl=es\"]}]}<\/script>\n<!-- \/ Yoast SEO plugin. -->","yoast_head_json":{"title":"Fillaboa - Bodegas Fillaboa","robots":{"index":"index","follow":"follow","max-snippet":"max-snippet:-1","max-image-preview":"max-image-preview:large","max-video-preview":"max-video-preview:-1"},"canonical":"https:\/\/visitasbodegasfillaboa.jig.es\/fillaboa\/?lang=en","twitter_card":"summary_large_image","twitter_title":"Fillaboa - Bodegas Fillaboa","twitter_description":"Fillaboa DO R\u00edas Baixas, 100% albari\u00f1oClose your eyes, feel the aroma, take a sip of Fillaboa and enjoy all of the flavour and magic of R\u00edas Baixas.This 100% albari\u00f1o wine originates on the slopes of the historical estate of Fillaboa, in the Designation of Origin of R\u00edas Baixas in Galicia. Year after year, its 50 [&hellip;]","twitter_site":"@masaveubodegas","twitter_misc":{"Est. reading time":"5 minutes"},"schema":{"@context":"https:\/\/schema.org","@graph":[{"@type":"WebPage","@id":"https:\/\/visitasbodegasfillaboa.jig.es\/fillaboa\/?lang=en","url":"https:\/\/visitasbodegasfillaboa.jig.es\/fillaboa\/?lang=en","name":"Fillaboa - Bodegas Fillaboa","isPartOf":{"@id":"https:\/\/visitasbodegasfillaboa.jig.es\/#website"},"datePublished":"2023-01-05T11:53:24+00:00","dateModified":"2024-02-01T12:53:40+00:00","breadcrumb":{"@id":"https:\/\/visitasbodegasfillaboa.jig.es\/fillaboa\/?lang=en#breadcrumb"},"inLanguage":"en-US","potentialAction":[{"@type":"ReadAction","target":["https:\/\/visitasbodegasfillaboa.jig.es\/fillaboa\/?lang=en"]}]},{"@type":"BreadcrumbList","@id":"https:\/\/visitasbodegasfillaboa.jig.es\/fillaboa\/?lang=en#breadcrumb","itemListElement":[{"@type":"ListItem","position":1,"name":"Portada","item":"https:\/\/visitasbodegasfillaboa.jig.es\/?lang=en"},{"@type":"ListItem","position":2,"name":"Fillaboa"}]},{"@type":"WebSite","@id":"https:\/\/visitasbodegasfillaboa.jig.es\/#website","url":"https:\/\/visitasbodegasfillaboa.jig.es\/","name":"Bodegas Fillaboa","description":"Fillaboa","publisher":{"@id":"https:\/\/visitasbodegasfillaboa.jig.es\/#organization"},"potentialAction":[{"@type":"SearchAction","target":{"@type":"EntryPoint","urlTemplate":"https:\/\/visitasbodegasfillaboa.jig.es\/?s={search_term_string}"},"query-input":"required name=search_term_string"}],"inLanguage":"en-US"},{"@type":"Organization","@id":"https:\/\/visitasbodegasfillaboa.jig.es\/#organization","name":"Bodegas Fillaboa","url":"https:\/\/visitasbodegasfillaboa.jig.es\/","logo":{"@type":"ImageObject","inLanguage":"en-US","@id":"https:\/\/visitasbodegasfillaboa.jig.es\/#\/schema\/logo\/image\/","url":"https:\/\/visitasbodegasfillaboa.jig.es\/wp-content\/uploads\/2018\/03\/fillaboa_logo.png","contentUrl":"https:\/\/visitasbodegasfillaboa.jig.es\/wp-content\/uploads\/2018\/03\/fillaboa_logo.png","width":647,"height":262,"caption":"Bodegas Fillaboa"},"image":{"@id":"https:\/\/visitasbodegasfillaboa.jig.es\/#\/schema\/logo\/image\/"},"sameAs":["https:\/\/www.facebook.com\/masaveubodegas\/","https:\/\/x.com\/masaveubodegas","https:\/\/www.instagram.com\/masaveubodegas\/?hl=es"]}]}},"_links":{"self":[{"href":"https:\/\/visitasbodegasfillaboa.jig.es\/en\/wp-json\/wp\/v2\/pages\/2867"}],"collection":[{"href":"https:\/\/visitasbodegasfillaboa.jig.es\/en\/wp-json\/wp\/v2\/pages"}],"about":[{"href":"https:\/\/visitasbodegasfillaboa.jig.es\/en\/wp-json\/wp\/v2\/types\/page"}],"author":[{"embeddable":true,"href":"https:\/\/visitasbodegasfillaboa.jig.es\/en\/wp-json\/wp\/v2\/users\/4"}],"replies":[{"embeddable":true,"href":"https:\/\/visitasbodegasfillaboa.jig.es\/en\/wp-json\/wp\/v2\/comments?post=2867"}],"version-history":[{"count":12,"href":"https:\/\/visitasbodegasfillaboa.jig.es\/en\/wp-json\/wp\/v2\/pages\/2867\/revisions"}],"predecessor-version":[{"id":3521,"href":"https:\/\/visitasbodegasfillaboa.jig.es\/en\/wp-json\/wp\/v2\/pages\/2867\/revisions\/3521"}],"wp:attachment":[{"href":"https:\/\/visitasbodegasfillaboa.jig.es\/en\/wp-json\/wp\/v2\/media?parent=2867"}],"curies":[{"name":"wp","href":"https:\/\/api.w.org\/{rel}","templated":true}]}}